{"id":968,"date":"2024-04-14T15:28:57","date_gmt":"2024-04-14T13:28:57","guid":{"rendered":"https:\/\/www.rt-art.si\/o-nas\/"},"modified":"2025-04-07T07:55:33","modified_gmt":"2025-04-07T05:55:33","slug":"about-us","status":"publish","type":"page","link":"https:\/\/www.rt-art.si\/en\/about-us\/","title":{"rendered":"About us"},"content":{"rendered":"<p>[vc_row content_placement=&#8221;middle&#8221; simple_background_color=&#8221;#fdf9f0&#8243; parallax_background_image=&#8221;774&#8243; parallax_bg_height=&#8221;1200&#8243;][vc_column css=&#8221;.vc_custom_1733843243526{padding-right: 8% !important;padding-left: 8% !important;}&#8221;]<h2 class=\"edgtf-custom-font-holder  edgtf-cf-7993 edgtf-cf-has-type-out \" style=\"font-size: 80px\" data-item-class=\"edgtf-cf-7993\" data-font-size-1366=\"80px\" data-font-size-1024=\"70px\" data-font-size-768=\"50px\" data-font-size-680=\"30px\">\n\tAbout <span class=\"edgtf-cf-typed-wrap\" style=\"color: #dd3333\"><span class=\"edgtf-cf-typed\"><span class=\"edgtf-cf-typed-1\">us<\/span><span class=\"edgtf-cf-typed-2\">art<\/span><\/span><\/span><\/h2><div class=\"edgtf-section-title-holder  edgtf-st-standard edgtf-st-title-left edgtf-st-normal-space  edgtf-st-title-underscore   edgtf-st-appear-fx\" style=\"text-align: left\">\n\t<div class=\"edgtf-st-inner\">\n\t\t                    <span class=\"edgtf-st-subtitle\" style=\"font-size: 20px;margin-top: 13px\">\n                The connection between plants, art and life.<br \/>\nThrough art, we connect and strengthen the bond with nature.            <\/span>\n        \t\t\t<\/div>\n<\/div>[vc_empty_space height=&#8221;25px&#8221;][vc_row_inner content_text_aligment=&#8221;left&#8221;][vc_column_inner width=&#8221;1\/6&#8243;][vc_wp_text]<\/p>\n<h5 style=\"font-size: 20px;\"><a href=\"https:\/\/www.instagram.com\/rtart_fromnaturewithlove\/\" target=\"_blank\" rel=\"noopener noreferrer\">Instagram<\/a><\/h5>\n<p>[\/vc_wp_text][\/vc_column_inner][vc_column_inner width=&#8221;1\/6&#8243;][vc_wp_text]<\/p>\n<h5 style=\"font-size: 20px;\"><a href=\"mailto:mail@rt-art.si\">E-mail<\/a><\/h5>\n<p>[\/vc_wp_text][\/vc_column_inner][vc_column_inner width=&#8221;1\/2&#8243;][\/vc_column_inner][\/vc_row_inner][\/vc_column][\/vc_row][vc_section][vc_row gap=&#8221;5&#8243; row_content_width=&#8221;grid&#8221; css=&#8221;.vc_custom_1732601392785{padding-top: 100px !important;padding-bottom: 20px !important;}&#8221;][vc_column width=&#8221;1\/6&#8243;][\/vc_column][vc_column width=&#8221;1\/3&#8243;]<div class=\"edgtf-team-holder edgtf-team-info-below-image \">\n\t<div class=\"edgtf-team-inner\">\n\t\t\t\t\t<div class=\"edgtf-team-image\">\n                <img loading=\"lazy\" decoding=\"async\" width=\"717\" height=\"800\" src=\"https:\/\/www.rt-art.si\/wp-content\/uploads\/2024\/10\/team_background_R_web.jpg\" class=\"attachment-full size-full\" alt=\"\" srcset=\"https:\/\/www.rt-art.si\/wp-content\/uploads\/2024\/10\/team_background_R_web.jpg 717w, https:\/\/www.rt-art.si\/wp-content\/uploads\/2024\/10\/team_background_R_web-269x300.jpg 269w\" sizes=\"auto, (max-width: 717px) 100vw, 717px\" \/>\t\t\t<\/div>\n\t\t\t\t<div class=\"edgtf-team-info\">\n\t\t\t\t\t\t\t<h4 class=\"edgtf-team-name\" style=\"text-transform: none\">Rebeka Tratnjek Vu\u010dko<\/h4>\n\t\t\t\t\t\t\t\t\t\t<h6 class=\"edgtf-team-position\" >Soul<\/h6>\n\t\t\t\t\t\t\t\t\t\t<p class=\"edgtf-team-text\" >The world sees artists primarily as creators. And yes, of course we make things. But we are also thinkers and feelers. We think.. And we feel it. Deep. And I believe that thinking and feeling are the most important parts of an artist. More important than crafting. Because our thinking and feeling is what drives creation and leads to what we do. As an artist, my thinking often transcends other aspects of being human; in fact, it transcends all other aspects of me as a person. It can flow over part of a creature. Sometimes I get so focused on doing, on creating, on thinking that I lose awareness of what is happening. And you come to the realization that art (for me and maybe for you too) is the key to awareness. Making art is not a direct way to change our minds or change ourselves. Art is how we see ourselves. A way of seeing our inner world \u2013 our thoughts and beliefs, our feelings and emotions, our love and aversion. By creating art, we get to know our inner world.<\/p>\n\t\t\t\t\t\t\t\t\t\t<div class=\"edgtf-team-social-holder\">\n\t\t\t\t\t\t\t\t\t\t\t<span class=\"edgtf-team-icon\">    <span class=\"edgtf-icon-shortcode edgtf-normal   \">\n                    <a class=\"\" href=\"https:\/\/www.instagram.com\/rtart_fromnaturewithlove\/\" target=\"_blank\">\n                    <i class=\"edgtf-icon-font-awesome fa fa-instagram edgtf-icon-element\"><\/i>                    <\/a>\n            <\/span>\n<\/span>\n\t\t\t\t\t\t\t\t\t\t\t<span class=\"edgtf-team-icon\">    <span class=\"edgtf-icon-shortcode edgtf-normal   \">\n                    <a class=\"\" href=\"http:\/\/info@rt-art.si\" target=\"_blank\">\n                    <i class=\"edgtf-icon-font-awesome fa fa-envelope edgtf-icon-element\"><\/i>                    <\/a>\n            <\/span>\n<\/span>\n\t\t\t\t\t\t\t\t\t<\/div>\n\t\t\t\t\t<\/div>\n\t<\/div>\n<\/div>[\/vc_column][vc_column width=&#8221;1\/3&#8243;]<div class=\"edgtf-team-holder edgtf-team-info-below-image \">\n\t<div class=\"edgtf-team-inner\">\n\t\t\t\t\t<div class=\"edgtf-team-image\">\n                <img loading=\"lazy\" decoding=\"async\" width=\"717\" height=\"800\" src=\"https:\/\/www.rt-art.si\/wp-content\/uploads\/2024\/10\/team_background_T_web.jpg\" class=\"attachment-full size-full\" alt=\"\" srcset=\"https:\/\/www.rt-art.si\/wp-content\/uploads\/2024\/10\/team_background_T_web.jpg 717w, https:\/\/www.rt-art.si\/wp-content\/uploads\/2024\/10\/team_background_T_web-269x300.jpg 269w\" sizes=\"auto, (max-width: 717px) 100vw, 717px\" \/>\t\t\t<\/div>\n\t\t\t\t<div class=\"edgtf-team-info\">\n\t\t\t\t\t\t\t<h4 class=\"edgtf-team-name\" style=\"text-transform: none\">Tomislav Tratnjek<\/h4>\n\t\t\t\t\t\t\t\t\t\t<h6 class=\"edgtf-team-position\" >Body<\/h6>\n\t\t\t\t\t\t\t\t\t\t<p class=\"edgtf-team-text\" >I would like to summarize the thoughts of Sveti Fran\u010di\u0161ek Asi\u0161ki, which I internalized and took as my inspiration\u2026 ``He who works with his hands is a worker. He who works with his hands and head is a craftsman. He who works with his hands, head and heart is an artist.`` And so begins the magical cycle of creation together with nature...<\/p>\n\t\t\t\t\t\t\t\t\t\t<div class=\"edgtf-team-social-holder\">\n\t\t\t\t\t\t\t\t\t\t\t<span class=\"edgtf-team-icon\">    <span class=\"edgtf-icon-shortcode edgtf-normal   \">\n                    <a class=\"\" href=\"#\" target=\"_blank\">\n                    <i class=\"edgtf-icon-font-awesome fa fa-instagram edgtf-icon-element\"><\/i>                    <\/a>\n            <\/span>\n<\/span>\n\t\t\t\t\t\t\t\t\t\t\t<span class=\"edgtf-team-icon\">    <span class=\"edgtf-icon-shortcode edgtf-normal   \">\n                    <a class=\"\" href=\"http:\/\/info@rt-art.si\" target=\"_blank\">\n                    <i class=\"edgtf-icon-font-awesome fa fa-envelope edgtf-icon-element\"><\/i>                    <\/a>\n            <\/span>\n<\/span>\n\t\t\t\t\t\t\t\t\t<\/div>\n\t\t\t\t\t<\/div>\n\t<\/div>\n<\/div>[\/vc_column][vc_column width=&#8221;1\/6&#8243;][\/vc_column][\/vc_row][vc_row gap=&#8221;5&#8243; row_content_width=&#8221;grid&#8221; css=&#8221;.vc_custom_1732600690899{padding-top: 0px !important;padding-bottom: 100px !important;}&#8221;][vc_column width=&#8221;1\/6&#8243;][\/vc_column][vc_column width=&#8221;2\/3&#8243;]<div class=\"edgtf-team-holder edgtf-team-info-below-image \">\n\t<div class=\"edgtf-team-inner\">\n\t\t\t\t<div class=\"edgtf-team-info\">\n\t\t\t\t\t\t\t<h4 class=\"edgtf-team-name\" style=\"text-transform: none\">VIAPLANT<\/h4>\n\t\t\t\t\t\t\t\t\t\t<h6 class=\"edgtf-team-position\" style=\"color: #ef4c4b\">Frame<\/h6>\n\t\t\t\t\t\t\t\t\t\t\t<\/div>\n\t<\/div>\n<\/div>[vc_column_text]<\/p>\n<h4 class=\"text-box\" style=\"margin: 10px 0 0;\">Our <span class=\"text_red\">framework<\/span> is represented by the exceptional and original\u00a0<span class=\"text_red\">VIAPLANT<\/span> team.<\/h4>\n<h4 class=\"text-box\">With an exceptional feeling for nature, plants and a special treatment attitude, they retain all the essence that plants radiate.<\/h4>\n<h4 class=\"text-box\">With such carefully prepared plants, we can create our works of art and display them, bringing you closer to the whole essence of nature&#8217;s art.<\/h4>\n<p>[\/vc_column_text][\/vc_column][vc_column width=&#8221;1\/6&#8243;][\/vc_column][\/vc_row][vc_row content_placement=&#8221;middle&#8221; disable_element=&#8221;yes&#8221; row_content_width=&#8221;grid&#8221; content_text_aligment=&#8221;center&#8221;][vc_column]<div class=\"edgtf-single-image-holder    \">\n    <div class=\"edgtf-si-inner\" >\n        \n                                    <img loading=\"lazy\" decoding=\"async\" width=\"606\" height=\"187\" src=\"https:\/\/www.rt-art.si\/wp-content\/uploads\/2024\/11\/RTaRT_viaplantAsset-14V_.png\" class=\"attachment-full size-full\" alt=\"\" srcset=\"https:\/\/www.rt-art.si\/wp-content\/uploads\/2024\/11\/RTaRT_viaplantAsset-14V_.png 606w, https:\/\/www.rt-art.si\/wp-content\/uploads\/2024\/11\/RTaRT_viaplantAsset-14V_-300x93.png 300w\" sizes=\"auto, (max-width: 606px) 100vw, 606px\" \/>                        <\/div>\n<\/div>[\/vc_column][\/vc_row][vc_row content_placement=&#8221;middle&#8221; disable_element=&#8221;yes&#8221; row_content_width=&#8221;grid&#8221; content_text_aligment=&#8221;center&#8221; css=&#8221;.vc_custom_1731495860139{padding-top: 20px !important;padding-bottom: 100px !important;}&#8221;][vc_column width=&#8221;1\/6&#8243;][\/vc_column][vc_column width=&#8221;2\/3&#8243;][vc_column_text]<\/p>\n<h4>Najin <span class=\"text_red\">okvir<\/span> predstavlja izjemni in\u00a0 izvirni tim\u00a0 <span class=\"text_red\">VIAPLANT<\/span>.<\/h4>\n<h4>Z izjemnim ob\u010dutkom do narave, rastlin in posebnim odnosom obdelave obdr\u017eijo vso bistvo, katero iz\u017earevajo rastline.<\/h4>\n<h4>S tako skrbno pripravljenimi rastlinami lahko kreirava najine umetnine in prika\u017eeva ter vam pribli\u017eava vso bistvo umetnosti narave.<\/h4>\n<p>[\/vc_column_text][\/vc_column][vc_column width=&#8221;1\/6&#8243;][\/vc_column][\/vc_row][\/vc_section]<\/p>\n","protected":false},"excerpt":{"rendered":"<p>[vc_row content_placement=&#8221;middle&#8221; simple_background_color=&#8221;#fdf9f0&#8243; parallax_background_image=&#8221;774&#8243; parallax_bg_height=&#8221;1200&#8243;][vc_column css=&#8221;.vc_custom_1733843243526{padding-right: 8% !important;padding-left: 8% !important;}&#8221;][vc_empty_space height=&#8221;25px&#8221;][vc_row_inner content_text_aligment=&#8221;left&#8221;][vc_column_inner width=&#8221;1\/6&#8243;][vc_wp_text] Instagram [\/vc_wp_text][\/vc_column_inner][vc_column_inner width=&#8221;1\/6&#8243;][vc_wp_text] E-mail [\/vc_wp_text][\/vc_column_inner][vc_column_inner width=&#8221;1\/2&#8243;][\/vc_column_inner][\/vc_row_inner][\/vc_column][\/vc_row][vc_section][vc_row gap=&#8221;5&#8243; row_content_width=&#8221;grid&#8221; css=&#8221;.vc_custom_1732601392785{padding-top: 100px !important;padding-bottom: 20px !important;}&#8221;][vc_column width=&#8221;1\/6&#8243;][\/vc_column][vc_column width=&#8221;1\/3&#8243;][\/vc_column][vc_column width=&#8221;1\/3&#8243;][\/vc_column][vc_column width=&#8221;1\/6&#8243;][\/vc_column][\/vc_row][vc_row gap=&#8221;5&#8243; row_content_width=&#8221;grid&#8221; css=&#8221;.vc_custom_1732600690899{padding-top: 0px !important;padding-bottom: 100px !important;}&#8221;][vc_column width=&#8221;1\/6&#8243;][\/vc_column][vc_column width=&#8221;2\/3&#8243;][vc_column_text] Our [&hellip;]<\/p>\n","protected":false},"author":1,"featured_media":0,"parent":0,"menu_order":0,"comment_status":"closed","ping_status":"closed","template":"full-width.php","meta":{"footnotes":""},"class_list":["post-968","page","type-page","status-publish","hentry"],"_links":{"self":[{"href":"https:\/\/www.rt-art.si\/en\/wp-json\/wp\/v2\/pages\/968","targetHints":{"allow":["GET"]}}],"collection":[{"href":"https:\/\/www.rt-art.si\/en\/wp-json\/wp\/v2\/pages"}],"about":[{"href":"https:\/\/www.rt-art.si\/en\/wp-json\/wp\/v2\/types\/page"}],"author":[{"embeddable":true,"href":"https:\/\/www.rt-art.si\/en\/wp-json\/wp\/v2\/users\/1"}],"replies":[{"embeddable":true,"href":"https:\/\/www.rt-art.si\/en\/wp-json\/wp\/v2\/comments?post=968"}],"version-history":[{"count":16,"href":"https:\/\/www.rt-art.si\/en\/wp-json\/wp\/v2\/pages\/968\/revisions"}],"predecessor-version":[{"id":1400,"href":"https:\/\/www.rt-art.si\/en\/wp-json\/wp\/v2\/pages\/968\/revisions\/1400"}],"wp:attachment":[{"href":"https:\/\/www.rt-art.si\/en\/wp-json\/wp\/v2\/media?parent=968"}],"curies":[{"name":"wp","href":"https:\/\/api.w.org\/{rel}","templated":true}]}}