{"id":984,"date":"2024-04-14T15:30:03","date_gmt":"2024-04-14T13:30:03","guid":{"rendered":"https:\/\/www.rt-art.si\/umetniska-dela\/"},"modified":"2024-12-10T11:03:55","modified_gmt":"2024-12-10T10:03:55","slug":"artworks","status":"publish","type":"page","link":"https:\/\/www.rt-art.si\/en\/artworks\/","title":{"rendered":"Artworks"},"content":{"rendered":"<p>[vc_section][vc_row css=&#8221;.vc_custom_1731437136118{padding-top: 70px !important;padding-bottom: 70px !important;}&#8221;][vc_column]<div class=\"edgtf-testimonials-holder edgtf-testimonials-standard  clearfix\"><div class=\"edgtf-testimonials edgtf-owl-slider\" data-number-of-items=\"1\" data-enable-loop=\"yes\" data-enable-autoplay=\"yes\" data-slider-speed=\"7000\" data-slider-speed-animation=\"600\" data-enable-navigation=\"no\" data-enable-pagination=\"yes\"><div class=\"edgtf-testimonial-content\" id=\"edgtf-testimonials-960\">\n    <span class=\"edgtf-icon-quote icon_quotations\"><\/span>\n\t<div class=\"edgtf-testimonial-text-holder\">\n\t\t\t\t\t<h2 itemprop=\"name\" class=\"edgtf-testimonial-title entry-title \">Nature has the ability to inspire us if we simply take the time to observe and admire its beauty.  When we really invest our time in observing and appreciating these details, thinking about how plants can add important details to any work of art, we realize that nature itself is a limitless source of art.<\/h2>\n\t\t\t\t\t\t\t<\/div>\n\t<\/div><div class=\"edgtf-testimonial-content\" id=\"edgtf-testimonials-959\">\n    <span class=\"edgtf-icon-quote icon_quotations\"><\/span>\n\t<div class=\"edgtf-testimonial-text-holder\">\n\t\t\t\t\t<h2 itemprop=\"name\" class=\"edgtf-testimonial-title entry-title \">The power of nature is such that it\u2019s what all art strives to be. The more we can get in tune with the harmony of the planet, the more our art can benefit from that relationship.<\/h2>\n\t\t\t\t\t\t\t\t\t<p class=\"edgtf-testimonial-author\">\n\t\t\t\t<span class=\"edgtf-testimonials-author-name\">~ Rick Rubin<\/span>\n\t\t\t\t\t\t\t<\/p>\n\t\t\t<\/div>\n\t<\/div><\/div><\/div>[\/vc_column][\/vc_row][vc_row disable_element=&#8221;yes&#8221;][vc_column]<h3 class=\"edgtf-custom-font-holder  edgtf-cf-3921  \" style=\"font-size: 24px;font-weight: 300;font-style: italic;text-align: center;margin: 3% 5% 3% 5%\" data-item-class=\"edgtf-cf-3921\" data-font-size-1366=\"24px\" data-font-size-1024=\"20px\" data-font-size-768=\"18px\" data-font-size-680=\"14px\">\n\tNarava ima sposobnost, da nas navdihne, \u010de si preprosto vzamemo \u010das za opazovanje in ob\u010dudovanje njene lepote. Ko resni\u010dno vlo\u017eimo svoj \u010das v opazovanje in vrednotenje teh podrobnosti, razmi\u0161ljamo o tem, kako lahko rastline vsakemu umetni\u0161kemu delu dodajo pomembne podrobnosti, ugotovimo, da je narava sama neomejen vir umetnosti.<\/h3>[\/vc_column][\/vc_row][vc_row][vc_column]<h2 class=\"edgtf-custom-font-holder  edgtf-cf-3053 edgtf-cf-has-type-out \" style=\"font-size: 80px;line-height: 1.23em;font-weight: 700;text-align: center\" data-item-class=\"edgtf-cf-3053\" data-font-size-1366=\"80px\" data-font-size-1024=\"70px\" data-font-size-768=\"50px\" data-font-size-680=\"30px\">\n\tComing soon <span class=\"edgtf-cf-typed-wrap\" style=\"color: #f04c4b\"><span class=\"edgtf-cf-typed\"><\/span><\/span><\/h2>[\/vc_column][\/vc_row][vc_row disable_element=&#8221;yes&#8221; row_content_width=&#8221;grid&#8221;][vc_column]<div class=\"edgtf-blog-list-holder edgtf-bl-standard edgtf-bl-three-columns edgtf-large-space edgtf-bl-pag-no-pagination\"  data-type=standard data-number-of-posts=-1 data-number-of-columns=3 data-space-between-items=large data-category=ud-lipa data-orderby=date data-order=ASC data-image-size=haar_edge_landscape data-title-tag=h4 data-excerpt-length=40 data-post-info-section=no data-post-info-image=yes data-post-info-author=yes data-post-info-date=yes data-post-info-category=yes data-post-info-comments=no data-post-info-like=no data-post-info-share=no data-pagination-type=no-pagination data-max-num-pages=0 data-next-page=2>\n\t<div class=\"edgtf-bl-wrapper edgtf-outer-space\">\n\t\t<ul class=\"edgtf-blog-list\">\n\t\t\t<p class=\"edgtf-blog-no-posts\">Sorry, no posts matched your criteria.<\/p>\t\t<\/ul>\n\t<\/div>\n\t<\/div>[\/vc_column][\/vc_row][\/vc_section]<\/p>\n","protected":false},"excerpt":{"rendered":"<p>[vc_section][vc_row css=&#8221;.vc_custom_1731437136118{padding-top: 70px !important;padding-bottom: 70px !important;}&#8221;][vc_column][\/vc_column][\/vc_row][vc_row disable_element=&#8221;yes&#8221;][vc_column][\/vc_column][\/vc_row][vc_row][vc_column][\/vc_column][\/vc_row][vc_row disable_element=&#8221;yes&#8221; row_content_width=&#8221;grid&#8221;][vc_column][\/vc_column][\/vc_row][\/vc_section]<\/p>\n","protected":false},"author":1,"featured_media":0,"parent":0,"menu_order":0,"comment_status":"closed","ping_status":"closed","template":"","meta":{"footnotes":""},"class_list":["post-984","page","type-page","status-publish","hentry"],"_links":{"self":[{"href":"https:\/\/www.rt-art.si\/en\/wp-json\/wp\/v2\/pages\/984","targetHints":{"allow":["GET"]}}],"collection":[{"href":"https:\/\/www.rt-art.si\/en\/wp-json\/wp\/v2\/pages"}],"about":[{"href":"https:\/\/www.rt-art.si\/en\/wp-json\/wp\/v2\/types\/page"}],"author":[{"embeddable":true,"href":"https:\/\/www.rt-art.si\/en\/wp-json\/wp\/v2\/users\/1"}],"replies":[{"embeddable":true,"href":"https:\/\/www.rt-art.si\/en\/wp-json\/wp\/v2\/comments?post=984"}],"version-history":[{"count":4,"href":"https:\/\/www.rt-art.si\/en\/wp-json\/wp\/v2\/pages\/984\/revisions"}],"predecessor-version":[{"id":1015,"href":"https:\/\/www.rt-art.si\/en\/wp-json\/wp\/v2\/pages\/984\/revisions\/1015"}],"wp:attachment":[{"href":"https:\/\/www.rt-art.si\/en\/wp-json\/wp\/v2\/media?parent=984"}],"curies":[{"name":"wp","href":"https:\/\/api.w.org\/{rel}","templated":true}]}}